{"id":58,"date":"2017-10-25T20:50:08","date_gmt":"2017-10-25T18:50:08","guid":{"rendered":"http:\/\/test9.antoniopalumbo.it\/torrentismo\/?page_id=58"},"modified":"2018-04-10T09:19:47","modified_gmt":"2018-04-10T07:19:47","slug":"home","status":"publish","type":"page","link":"https:\/\/www.caicagliari.it\/torrentismo\/","title":{"rendered":"Home"},"content":{"rendered":"[vc_row][vc_column][vc_column_text]<ul class=\"display-posts-listing\"><li class=\"listing-item\"><a class=\"image\" href=\"https:\/\/www.caicagliari.it\/torrentismo\/2018\/08\/02\/10002625\/\"><img loading=\"lazy\" decoding=\"async\" width=\"150\" height=\"150\" src=\"https:\/\/i0.wp.com\/www.caicagliari.it\/torrentismo\/wp-content\/uploads\/sites\/5\/2018\/08\/forestas-2.jpg?resize=150%2C150&amp;ssl=1\" class=\"attachment-thumbnail size-thumbnail wp-post-image\" alt=\"\" srcset=\"https:\/\/i0.wp.com\/www.caicagliari.it\/torrentismo\/wp-content\/uploads\/sites\/5\/2018\/08\/forestas-2.jpg?resize=150%2C150&amp;ssl=1 150w, https:\/\/i0.wp.com\/www.caicagliari.it\/torrentismo\/wp-content\/uploads\/sites\/5\/2018\/08\/forestas-2.jpg?zoom=2&amp;resize=150%2C150&amp;ssl=1 300w\" sizes=\"auto, (max-width: 150px) 100vw, 150px\" data-attachment-id=\"247\" data-permalink=\"https:\/\/www.caicagliari.it\/torrentismo\/2018\/08\/02\/10002625\/forestas-3\/\" data-orig-file=\"https:\/\/i0.wp.com\/www.caicagliari.it\/torrentismo\/wp-content\/uploads\/sites\/5\/2018\/08\/forestas-2.jpg?fit=332%2C157&amp;ssl=1\" data-orig-size=\"332,157\" data-comments-opened=\"0\" data-image-meta=\"{&quot;aperture&quot;:&quot;0&quot;,&quot;credit&quot;:&quot;&quot;,&quot;camera&quot;:&quot;&quot;,&quot;caption&quot;:&quot;&quot;,&quot;created_timestamp&quot;:&quot;0&quot;,&quot;copyright&quot;:&quot;&quot;,&quot;focal_length&quot;:&quot;0&quot;,&quot;iso&quot;:&quot;0&quot;,&quot;shutter_speed&quot;:&quot;0&quot;,&quot;title&quot;:&quot;&quot;,&quot;orientation&quot;:&quot;0&quot;}\" data-image-title=\"forestas\" data-image-description=\"\" data-image-caption=\"\" data-medium-file=\"https:\/\/i0.wp.com\/www.caicagliari.it\/torrentismo\/wp-content\/uploads\/sites\/5\/2018\/08\/forestas-2.jpg?fit=300%2C142&amp;ssl=1\" data-large-file=\"https:\/\/i0.wp.com\/www.caicagliari.it\/torrentismo\/wp-content\/uploads\/sites\/5\/2018\/08\/forestas-2.jpg?fit=332%2C157&amp;ssl=1\" \/><\/a> <a class=\"title\" href=\"https:\/\/www.caicagliari.it\/torrentismo\/2018\/08\/02\/10002625\/\">Bozza del Regolamento regionale per la sentieristica<\/a> <span class=\"excerpt-dash\">-<\/span> <span class=\"excerpt\">La Regione Sardegna, con il supporto tecnico dell&#8217;Agenzia regionale Fo.Re.S.T.A.S., ha predisposto il Regolamento regionale per la Sentieristica. Il documento rappresenta anche il primo Piano per l&#8217;istituzione e la gestione della R.E.S. (Rete Escursionistica della Sardegna) e dellla Rete delle &hellip; <a href=\"https:\/\/www.caicagliari.it\/torrentismo\/2018\/08\/02\/10002625\/\">Continua<\/a><\/span><\/li><li class=\"listing-item\"><a class=\"image\" href=\"https:\/\/www.caicagliari.it\/torrentismo\/2018\/01\/15\/corso-qgis-da-venerdi-19-gennaio-2018\/\"><img loading=\"lazy\" decoding=\"async\" width=\"149\" height=\"150\" src=\"https:\/\/i0.wp.com\/www.caicagliari.it\/torrentismo\/wp-content\/uploads\/sites\/5\/2018\/01\/QGIS.jpg?resize=149%2C150&amp;ssl=1\" class=\"attachment-thumbnail size-thumbnail wp-post-image\" alt=\"\" data-attachment-id=\"206\" data-permalink=\"https:\/\/www.caicagliari.it\/torrentismo\/2018\/01\/15\/corso-qgis-da-venerdi-19-gennaio-2018\/qgis\/\" data-orig-file=\"https:\/\/i0.wp.com\/www.caicagliari.it\/torrentismo\/wp-content\/uploads\/sites\/5\/2018\/01\/QGIS.jpg?fit=149%2C160&amp;ssl=1\" data-orig-size=\"149,160\" data-comments-opened=\"0\" data-image-meta=\"{&quot;aperture&quot;:&quot;0&quot;,&quot;credit&quot;:&quot;&quot;,&quot;camera&quot;:&quot;&quot;,&quot;caption&quot;:&quot;&quot;,&quot;created_timestamp&quot;:&quot;0&quot;,&quot;copyright&quot;:&quot;&quot;,&quot;focal_length&quot;:&quot;0&quot;,&quot;iso&quot;:&quot;0&quot;,&quot;shutter_speed&quot;:&quot;0&quot;,&quot;title&quot;:&quot;&quot;,&quot;orientation&quot;:&quot;0&quot;}\" data-image-title=\"QGIS\" data-image-description=\"\" data-image-caption=\"\" data-medium-file=\"https:\/\/i0.wp.com\/www.caicagliari.it\/torrentismo\/wp-content\/uploads\/sites\/5\/2018\/01\/QGIS.jpg?fit=149%2C160&amp;ssl=1\" data-large-file=\"https:\/\/i0.wp.com\/www.caicagliari.it\/torrentismo\/wp-content\/uploads\/sites\/5\/2018\/01\/QGIS.jpg?fit=149%2C160&amp;ssl=1\" \/><\/a> <a class=\"title\" href=\"https:\/\/www.caicagliari.it\/torrentismo\/2018\/01\/15\/corso-qgis-da-venerdi-19-gennaio-2018\/\">Corso QGIS &#8211; da Venerd\u00ec 19 gennaio 2018<\/a> <span class=\"excerpt-dash\">-<\/span> <span class=\"excerpt\">Il Gruppo Grotte organizza un Corso sull&#8217;uso del software QGIS che si svolger\u00e0 presso la sede dell&#8217;AGC Formazione Sardegna, viale Monastir n. 102 &#8211; Cagliari. Il corso si articoler\u00e0 in 5 giornate (5 venerd\u00ec consecutivi, a partire dal 19 gennaio), &hellip; <a href=\"https:\/\/www.caicagliari.it\/torrentismo\/2018\/01\/15\/corso-qgis-da-venerdi-19-gennaio-2018\/\">Continua<\/a><\/span><\/li><li class=\"listing-item\"><a class=\"image\" href=\"https:\/\/www.caicagliari.it\/torrentismo\/2017\/12\/06\/set-da-ferrata-nuove-norme-2017\/\"><img loading=\"lazy\" decoding=\"async\" width=\"150\" height=\"150\" src=\"https:\/\/i0.wp.com\/www.caicagliari.it\/torrentismo\/wp-content\/uploads\/sites\/5\/2017\/12\/setferrata.jpg?resize=150%2C150&amp;ssl=1\" class=\"attachment-thumbnail size-thumbnail wp-post-image\" alt=\"\" srcset=\"https:\/\/i0.wp.com\/www.caicagliari.it\/torrentismo\/wp-content\/uploads\/sites\/5\/2017\/12\/setferrata.jpg?resize=150%2C150&amp;ssl=1 150w, https:\/\/i0.wp.com\/www.caicagliari.it\/torrentismo\/wp-content\/uploads\/sites\/5\/2017\/12\/setferrata.jpg?zoom=2&amp;resize=150%2C150&amp;ssl=1 300w, https:\/\/i0.wp.com\/www.caicagliari.it\/torrentismo\/wp-content\/uploads\/sites\/5\/2017\/12\/setferrata.jpg?zoom=3&amp;resize=150%2C150&amp;ssl=1 450w\" sizes=\"auto, (max-width: 150px) 100vw, 150px\" data-attachment-id=\"186\" data-permalink=\"https:\/\/www.caicagliari.it\/torrentismo\/setferrata\/\" data-orig-file=\"https:\/\/i0.wp.com\/www.caicagliari.it\/torrentismo\/wp-content\/uploads\/sites\/5\/2017\/12\/setferrata.jpg?fit=878%2C459&amp;ssl=1\" data-orig-size=\"878,459\" data-comments-opened=\"0\" data-image-meta=\"{&quot;aperture&quot;:&quot;0&quot;,&quot;credit&quot;:&quot;&quot;,&quot;camera&quot;:&quot;&quot;,&quot;caption&quot;:&quot;&quot;,&quot;created_timestamp&quot;:&quot;0&quot;,&quot;copyright&quot;:&quot;&quot;,&quot;focal_length&quot;:&quot;0&quot;,&quot;iso&quot;:&quot;0&quot;,&quot;shutter_speed&quot;:&quot;0&quot;,&quot;title&quot;:&quot;&quot;,&quot;orientation&quot;:&quot;0&quot;}\" data-image-title=\"setferrata\" data-image-description=\"\" data-image-caption=\"\" data-medium-file=\"https:\/\/i0.wp.com\/www.caicagliari.it\/torrentismo\/wp-content\/uploads\/sites\/5\/2017\/12\/setferrata.jpg?fit=300%2C157&amp;ssl=1\" data-large-file=\"https:\/\/i0.wp.com\/www.caicagliari.it\/torrentismo\/wp-content\/uploads\/sites\/5\/2017\/12\/setferrata.jpg?fit=878%2C459&amp;ssl=1\" \/><\/a> <a class=\"title\" href=\"https:\/\/www.caicagliari.it\/torrentismo\/2017\/12\/06\/set-da-ferrata-nuove-norme-2017\/\">Set da Ferrata &#8211; nuove norme 2017<\/a> <span class=\"excerpt-dash\">-<\/span> <span class=\"excerpt\">E&#8217; entrata recentemente in vigore una nuova norma (denominata EN 958 &#8211; 2017), che regolamenta la costruzione del set da ferrata.<\/span><\/li><\/ul>[\/vc_column_text][\/vc_column][\/vc_row]\n","protected":false},"excerpt":{"rendered":"<p>[vc_row][vc_column][vc_column_text][\/vc_column_text][\/vc_column][\/vc_row]<\/p>\n","protected":false},"author":9,"featured_media":0,"parent":0,"menu_order":0,"comment_status":"closed","ping_status":"closed","template":"page-feature-sidebar.php","meta":{"_acf_changed":false,"jetpack_post_was_ever_published":false,"footnotes":""},"class_list":["post-58","page","type-page","status-publish","hentry"],"acf":[],"jetpack_sharing_enabled":true,"jetpack_shortlink":"https:\/\/wp.me\/P9jPLT-W","_links":{"self":[{"href":"https:\/\/www.caicagliari.it\/torrentismo\/wp-json\/wp\/v2\/pages\/58","targetHints":{"allow":["GET"]}}],"collection":[{"href":"https:\/\/www.caicagliari.it\/torrentismo\/wp-json\/wp\/v2\/pages"}],"about":[{"href":"https:\/\/www.caicagliari.it\/torrentismo\/wp-json\/wp\/v2\/types\/page"}],"author":[{"embeddable":true,"href":"https:\/\/www.caicagliari.it\/torrentismo\/wp-json\/wp\/v2\/users\/9"}],"replies":[{"embeddable":true,"href":"https:\/\/www.caicagliari.it\/torrentismo\/wp-json\/wp\/v2\/comments?post=58"}],"version-history":[{"count":30,"href":"https:\/\/www.caicagliari.it\/torrentismo\/wp-json\/wp\/v2\/pages\/58\/revisions"}],"predecessor-version":[{"id":230,"href":"https:\/\/www.caicagliari.it\/torrentismo\/wp-json\/wp\/v2\/pages\/58\/revisions\/230"}],"wp:attachment":[{"href":"https:\/\/www.caicagliari.it\/torrentismo\/wp-json\/wp\/v2\/media?parent=58"}],"curies":[{"name":"wp","href":"https:\/\/api.w.org\/{rel}","templated":true}]}}