{"id":127,"date":"1970-01-01T00:00:00","date_gmt":"1969-12-31T23:00:00","guid":{"rendered":"http:\/\/test9.antoniopalumbo.it\/?page_id=127"},"modified":"2022-04-23T17:35:40","modified_gmt":"2022-04-23T15:35:40","slug":"gruppo-escursionistico","status":"publish","type":"page","link":"https:\/\/www.caicagliari.it\/escursionismo\/gruppo-escursionistico\/","title":{"rendered":"Gruppo Escursionistico"},"content":{"rendered":"","protected":false},"excerpt":{"rendered":"","protected":false},"author":1,"featured_media":0,"parent":0,"menu_order":2,"comment_status":"closed","ping_status":"closed","template":"","meta":{"_acf_changed":false,"jetpack_post_was_ever_published":false,"footnotes":""},"class_list":["post-127","page","type-page","status-publish","hentry"],"acf":[],"jetpack_sharing_enabled":true,"jetpack_shortlink":"https:\/\/wp.me\/P7kNhu-23","jetpack-related-posts":[{"id":10002127,"url":"https:\/\/www.caicagliari.it\/escursionismo\/gruppo-escursionistico\/organizzazione\/","url_meta":{"origin":127,"position":0},"title":"Organizzazione","author":"paolop","date":"6 Giugno 2019","format":false,"excerpt":"Presidente: Claudio Simbula Sito: www.escai.sardegna.it \u00a0 Informazioni generali Il Gruppo si occupa della compilazione del calendario delle escursioni da proporre ogni anno, della conduzione e dell\u2019organizzazione delle stesse. Promuove ogni iniziativa per la diffusione e la pratica dell\u2019escursionismo finalizzata alla frequentazione consapevole e corretta dei territori montani, allo studio, la\u2026","rel":"","context":"Articolo simile","block_context":{"text":"Articolo simile","link":""},"img":{"alt_text":"","src":"","width":0,"height":0},"classes":[]},{"id":10001291,"url":"https:\/\/www.caicagliari.it\/escursionismo\/gruppo-escursionistico\/le-regole\/","url_meta":{"origin":127,"position":1},"title":"Le Regole","author":"admin","date":"15 Marzo 2016","format":false,"excerpt":"PREMESSA L\u2019Escursionismo Sociale \u00e8 l\u2019attivit\u00e0 pi\u00f9 praticata nella nostra sezione, la via maestra di accesso dei soci alle nostre attivit\u00e0. Riveste perci\u00f2 una importanza sociale e formativa fondamentale e promuove oltre ad un sano godimento della natura in piena sicurezza, anche la maturazione culturale e tecnica del socio che ha\u2026","rel":"","context":"Articolo simile","block_context":{"text":"Articolo simile","link":""},"img":{"alt_text":"","src":"","width":0,"height":0},"classes":[]},{"id":10003027,"url":"https:\/\/www.caicagliari.it\/escursionismo\/fluminimaggiore-2022\/","url_meta":{"origin":127,"position":2},"title":"Fluminimaggiore 2022","author":"paolop","date":"6 Dicembre 2022","format":false,"excerpt":"Sentieri a Fluminimaggiore (fase progettuale Forestas) - in corso Progetto escursionistico in fase avanzata. Mappa dei sentieri proposti e relativa numerazione. Localizzazione Luoghi di Posa Istruzioni: sono presenti tutti i sentieri previsti con i relativi Luoghi di Posa; sia i sentieri che i Luoghi di Posa contengono descrizioni attivabili con\u2026","rel":"","context":"Articolo simile","block_context":{"text":"Articolo simile","link":""},"img":{"alt_text":"","src":"","width":0,"height":0},"classes":[]},{"id":10004112,"url":"https:\/\/www.caicagliari.it\/escursionismo\/sentieri-sella-del-diavolo\/","url_meta":{"origin":127,"position":3},"title":"Sentieri Sella del Diavolo","author":"paolop","date":"14 Settembre 2025","format":false,"excerpt":"Sentieri nella Sella del Diavolo (fase pre-progettuale) Progetto escursionistico (ancora da valutare la sua opportunit\u00e0). Presente traccia dei sentieri proposti\u00a0 e localizzazione eventuali Luoghi di Posa. Sarebbero previsti due sentieri per ora denominati A e B. I Luoghi di Posa contengono descrizioni attivabili con un click del mouse. E' possibile\u2026","rel":"","context":"Articolo simile","block_context":{"text":"Articolo simile","link":""},"img":{"alt_text":"","src":"","width":0,"height":0},"classes":[]},{"id":10002602,"url":"https:\/\/www.caicagliari.it\/escursionismo\/rete-escursionistica-molentargius\/","url_meta":{"origin":127,"position":4},"title":"Rete Escursionistica Molentargius","author":"paolop","date":"16 Giugno 2021","format":false,"excerpt":"\u00a0Molentargius - rete escursionistica Progetto escursionistico realizzato Mappa dei sentieri proposti e relativa numerazione. Localizzazione Luoghi di Posa In collaborazione tra Parco Naturale Regionale Molentargius-Saline, Rotary, CAI Cagliari Istruzioni: a) sono presenti tutti i sentieri previsti con i relativi Luoghi di Posa; b) sia i sentieri che i Luoghi di\u2026","rel":"","context":"Articolo simile","block_context":{"text":"Articolo simile","link":""},"img":{"alt_text":"","src":"","width":0,"height":0},"classes":[]},{"id":10004418,"url":"https:\/\/www.caicagliari.it\/escursionismo\/commissione-sentieri-2\/","url_meta":{"origin":127,"position":5},"title":"Commissione Sentieri","author":"paolop","date":"23 Ottobre 2017","format":false,"excerpt":"Costituita nel 1983 per occuparsi di quell'ambito specifico del settore escursionistico che \u00e8 volto allo studio, alla realizzazionee alla manutenzione di reti di sentieri segnati, dunque di tracciati percorribili anche in autonomia e senza ausilio di guida. La Legge regionale 16\/2017 (Testo unico sul turismo) modifica la Legge Regionale n.8\u2026","rel":"","context":"Articolo simile","block_context":{"text":"Articolo simile","link":""},"img":{"alt_text":"","src":"https:\/\/i0.wp.com\/www.caicagliari.it\/escursionismo\/wp-content\/uploads\/sites\/2\/2022\/09\/caica.jpg?fit=512%2C512&ssl=1&resize=350%2C200","width":350,"height":200},"classes":[]}],"_links":{"self":[{"href":"https:\/\/www.caicagliari.it\/escursionismo\/wp-json\/wp\/v2\/pages\/127","targetHints":{"allow":["GET"]}}],"collection":[{"href":"https:\/\/www.caicagliari.it\/escursionismo\/wp-json\/wp\/v2\/pages"}],"about":[{"href":"https:\/\/www.caicagliari.it\/escursionismo\/wp-json\/wp\/v2\/types\/page"}],"author":[{"embeddable":true,"href":"https:\/\/www.caicagliari.it\/escursionismo\/wp-json\/wp\/v2\/users\/1"}],"replies":[{"embeddable":true,"href":"https:\/\/www.caicagliari.it\/escursionismo\/wp-json\/wp\/v2\/comments?post=127"}],"version-history":[{"count":8,"href":"https:\/\/www.caicagliari.it\/escursionismo\/wp-json\/wp\/v2\/pages\/127\/revisions"}],"predecessor-version":[{"id":10002129,"href":"https:\/\/www.caicagliari.it\/escursionismo\/wp-json\/wp\/v2\/pages\/127\/revisions\/10002129"}],"wp:attachment":[{"href":"https:\/\/www.caicagliari.it\/escursionismo\/wp-json\/wp\/v2\/media?parent=127"}],"curies":[{"name":"wp","href":"https:\/\/api.w.org\/{rel}","templated":true}]}}