{"id":10004356,"date":"2026-02-06T14:34:45","date_gmt":"2026-02-06T13:34:45","guid":{"rendered":"https:\/\/www.caicagliari.it\/escursionismo\/?page_id=10004356"},"modified":"2026-02-06T14:38:18","modified_gmt":"2026-02-06T13:38:18","slug":"domenica-15-febbraio-2026-buggerru-cala-domestica","status":"publish","type":"page","link":"https:\/\/www.caicagliari.it\/escursionismo\/domenica-15-febbraio-2026-buggerru-cala-domestica\/","title":{"rendered":"Domenica 15 Febbraio 2026 &#8211; Buggerru &#8211; Cala Domestica"},"content":{"rendered":"<p><span class=\"fontstyle0\">Escursione molto suggestiva tra mare, calcare e resti di archeologia mineraria nel territorio di Buggerru. Una prima parte tutta sulle formazioni rocciose in prossimit\u00e0 della linea di costa, il rientro attraverso il bel sentiero n.301.<\/span><\/p>\n<p>Il percorso, quasi completamente all\u2019aperto, non \u00e8 particolarmente impegnativo, ma richiede<br \/>\nesperienza escursionistica e passo sicuro.<\/p>\n<p>Il sentiero \u00e8 abbastanza visibile, ma, in alcuni tratti non \u00e8 chiaramente evidente e pu\u00f2 presentare problemi di orientamento per cui \u00e8 necessario non staccarsi dal gruppo e seguire le indicazioni del Direttore di escursione.<\/p>\n<p><span class=\"fontstyle0\">L\u2019 escursione \u00e8 riservata ai soci; max 30 partecipanti.<\/span><br \/>\n\u2013 Lunghezza km.11 circa<br \/>\n\u2013 Dislivello salita 350m. circa<br \/>\n\u2013 Dislivello discesa 350m. circa<br \/>\n\u2013 Tempo di percorrenza\u00a0 5 ore circa (soste, pausa pranzo escluse)<br \/>\n\u2013 Difficolt\u00e0 E<\/p>\n<p>Prima della prenotazione consultare attentamente la\u00a0<a href=\"https:\/\/www.caicagliari.it\/escursionismo\/wp-content\/uploads\/sites\/2\/2026\/02\/2026_02_15-Buggerru-Cala-Domestica.pdf\" target=\"_blank\" rel=\"noopener\">Descrizione dell\u2019escursione<\/a>\u00a0con le indicazioni operative riportate.<\/p>\n","protected":false},"excerpt":{"rendered":"<p>Escursione molto suggestiva tra mare, calcare e resti di archeologia mineraria nel territorio di Buggerru. Una prima parte tutta sulle formazioni rocciose in prossimit\u00e0 della linea di costa, il rientro attraverso il bel sentiero n.301. Il percorso, quasi completamente all\u2019aperto, &hellip; <a href=\"https:\/\/www.caicagliari.it\/escursionismo\/domenica-15-febbraio-2026-buggerru-cala-domestica\/\">Continua<\/a><\/p>\n","protected":false},"author":9,"featured_media":10004310,"parent":0,"menu_order":0,"comment_status":"closed","ping_status":"closed","template":"","meta":{"_acf_changed":false,"jetpack_post_was_ever_published":false,"footnotes":""},"class_list":["post-10004356","page","type-page","status-publish","has-post-thumbnail","hentry"],"acf":[],"jetpack_sharing_enabled":true,"jetpack_shortlink":"https:\/\/wp.me\/P7kNhu-FYAA","jetpack-related-posts":[{"id":10001291,"url":"https:\/\/www.caicagliari.it\/escursionismo\/gruppo-escursionistico\/le-regole\/","url_meta":{"origin":10004356,"position":0},"title":"Le Regole","author":"admin","date":"15 Marzo 2016","format":false,"excerpt":"PREMESSA L\u2019Escursionismo Sociale \u00e8 l\u2019attivit\u00e0 pi\u00f9 praticata nella nostra sezione, la via maestra di accesso dei soci alle nostre attivit\u00e0. Riveste perci\u00f2 una importanza sociale e formativa fondamentale e promuove oltre ad un sano godimento della natura in piena sicurezza, anche la maturazione culturale e tecnica del socio che ha\u2026","rel":"","context":"Articolo simile","block_context":{"text":"Articolo simile","link":""},"img":{"alt_text":"","src":"","width":0,"height":0},"classes":[]},{"id":10004216,"url":"https:\/\/www.caicagliari.it\/escursionismo\/sentieri-e-cammini-di-sardegna\/","url_meta":{"origin":10004356,"position":1},"title":"Sentieri e Cammini di Sardegna","author":"paolop","date":"13 Dicembre 2025","format":false,"excerpt":"Sentieri e Cammini in Sardegna (fase progettuale) In questa pagina sono presenti: il Sentiero italia CAI tutti i Cammini e gli itinerari religiosi riconosciuti dalla Regione Sardegna; alcuni Cammini non riconosciuti, ma pubblicizzati, che siamo riusciti a reperire; i sentieri del cagliaritano inseriti nella Rete Escursionistica della Sardegna. Istruzioni: la\u2026","rel":"","context":"Articolo simile","block_context":{"text":"Articolo simile","link":""},"img":{"alt_text":"","src":"","width":0,"height":0},"classes":[]},{"id":10003508,"url":"https:\/\/www.caicagliari.it\/escursionismo\/sentieristica-cartografia\/","url_meta":{"origin":10004356,"position":2},"title":"Sentieristica &#8211; Cartografia","author":"paolop","date":"9 Gennaio 2024","format":false,"excerpt":"La Commissione Sentieri e Cartografia Anche nella nostra Regione si assiste ad un crescente interesse per l'attivit\u00e0 escursionistica e ad un costante incremento di camminatori frequentatori dei sentieri. Da qualche anno anche in Sardegna \u00e8 presente una Rete Escursionistica in continua espansione grazie, in primo luogo, all'impegno di Forestas e\u2026","rel":"","context":"Articolo simile","block_context":{"text":"Articolo simile","link":""},"img":{"alt_text":"","src":"","width":0,"height":0},"classes":[]},{"id":10002127,"url":"https:\/\/www.caicagliari.it\/escursionismo\/gruppo-escursionistico\/organizzazione\/","url_meta":{"origin":10004356,"position":3},"title":"Organizzazione","author":"paolop","date":"6 Giugno 2019","format":false,"excerpt":"Presidente: Claudio Simbula Sito: www.escai.sardegna.it \u00a0 Informazioni generali Il Gruppo si occupa della compilazione del calendario delle escursioni da proporre ogni anno, della conduzione e dell\u2019organizzazione delle stesse. Promuove ogni iniziativa per la diffusione e la pratica dell\u2019escursionismo finalizzata alla frequentazione consapevole e corretta dei territori montani, allo studio, la\u2026","rel":"","context":"Articolo simile","block_context":{"text":"Articolo simile","link":""},"img":{"alt_text":"","src":"","width":0,"height":0},"classes":[]},{"id":10004418,"url":"https:\/\/www.caicagliari.it\/escursionismo\/commissione-sentieri-2\/","url_meta":{"origin":10004356,"position":4},"title":"Commissione Sentieri","author":"paolop","date":"23 Ottobre 2017","format":false,"excerpt":"Costituita nel 1983 per occuparsi di quell'ambito specifico del settore escursionistico che \u00e8 volto allo studio, alla realizzazionee alla manutenzione di reti di sentieri segnati, dunque di tracciati percorribili anche in autonomia e senza ausilio di guida. La Legge regionale 16\/2017 (Testo unico sul turismo) modifica la Legge Regionale n.8\u2026","rel":"","context":"Articolo simile","block_context":{"text":"Articolo simile","link":""},"img":{"alt_text":"","src":"https:\/\/i0.wp.com\/www.caicagliari.it\/escursionismo\/wp-content\/uploads\/sites\/2\/2022\/09\/caica.jpg?fit=512%2C512&ssl=1&resize=350%2C200","width":350,"height":200},"classes":[]}],"_links":{"self":[{"href":"https:\/\/www.caicagliari.it\/escursionismo\/wp-json\/wp\/v2\/pages\/10004356","targetHints":{"allow":["GET"]}}],"collection":[{"href":"https:\/\/www.caicagliari.it\/escursionismo\/wp-json\/wp\/v2\/pages"}],"about":[{"href":"https:\/\/www.caicagliari.it\/escursionismo\/wp-json\/wp\/v2\/types\/page"}],"author":[{"embeddable":true,"href":"https:\/\/www.caicagliari.it\/escursionismo\/wp-json\/wp\/v2\/users\/9"}],"replies":[{"embeddable":true,"href":"https:\/\/www.caicagliari.it\/escursionismo\/wp-json\/wp\/v2\/comments?post=10004356"}],"version-history":[{"count":2,"href":"https:\/\/www.caicagliari.it\/escursionismo\/wp-json\/wp\/v2\/pages\/10004356\/revisions"}],"predecessor-version":[{"id":10004358,"href":"https:\/\/www.caicagliari.it\/escursionismo\/wp-json\/wp\/v2\/pages\/10004356\/revisions\/10004358"}],"wp:featuredmedia":[{"embeddable":true,"href":"https:\/\/www.caicagliari.it\/escursionismo\/wp-json\/wp\/v2\/media\/10004310"}],"wp:attachment":[{"href":"https:\/\/www.caicagliari.it\/escursionismo\/wp-json\/wp\/v2\/media?parent=10004356"}],"curies":[{"name":"wp","href":"https:\/\/api.w.org\/{rel}","templated":true}]}}