{"id":10003508,"date":"2024-01-09T17:45:24","date_gmt":"2024-01-09T16:45:24","guid":{"rendered":"https:\/\/www.caicagliari.it\/escursionismo\/?page_id=10003508"},"modified":"2025-12-04T17:06:52","modified_gmt":"2025-12-04T16:06:52","slug":"sentieristica-cartografia","status":"publish","type":"page","link":"https:\/\/www.caicagliari.it\/escursionismo\/sentieristica-cartografia\/","title":{"rendered":"Sentieristica &#8211; Cartografia"},"content":{"rendered":"<h3>La Commissione Sentieri e Cartografia<\/h3>\n<p>Anche nella nostra Regione si assiste ad un crescente interesse per l&#8217;attivit\u00e0 escursionistica e ad un costante incremento di camminatori frequentatori dei sentieri.<\/p>\n<p>Da qualche anno anche in Sardegna \u00e8 presente una Rete Escursionistica in continua espansione grazie, in primo luogo, all&#8217;impegno di Forestas e alla collaborazione del Club Alpino Italiano.<\/p>\n<p>Lo spirito di servizio che da sempre denota l&#8217;attivit\u00e0 del Club Alpino Italiano non ci consente di segnalare sentieri o programmare nuove reti basandoci solo sul dato tecnico, sul criterio quantitativo o sul previsto ritorno economico. Anche in questo settore deve guidarci l&#8217;ispirazione, anche ambientalista, propria della nostra associazione che pone tra i suoi scopi &#8220;la conoscenza e lo studio delle montagne [&#8230;] e la difesa del loro ambiente naturale&#8221; (Statuto, Titolo1, Art.1).<\/p>\n<p>Sia parte del nostro patrimonio culturale la consapevolezza che tutti i sentieri che percorriamo sono frutto della caparbia determinazione degli uomini della montagna: a noi il compito di conservare la memoria storica delle loro fatiche e del loro sacrificio.<\/p>\n<h4>Adesione alla Commissione Sentieri e Cartografia<\/h4>\n<p>I soci che intendessero partecipare a questa attivit\u00e0 sono sempre ben accetti. E&#8217; un&#8217;attivit\u00e0 che consente di conoscere approfonditamente non solo i sentieri ai quali ci si dedicher\u00e0, ma anche il territorio e il mondo antico che li circonda, con i suoi nuclei di isolati e antichi edifici\u00a0 in pietra, di Maest\u00e0 disseminate ovunque e talvolta degli ultimi abitanti abbrancati alle loro antiche radici.<\/p>\n<h4>News<\/h4>\n<ul>\n<li>E&#8217; stato attivato, da parte di Forestas, il nuovo sito web dei sentieri della nostra Regione: il sito contiene una mappa interattiva in fase di implementazione.<\/li>\n<li>E&#8217; in fase di realizzazione la locale raccolta di informazioni per la compilazione del progetto nazionale del Catasto dei Sentieri, utile strumento per la informatizzazione e la gestione dei percorsi escursionistici.<\/li>\n<li>E&#8217; in fase di realizzazione un Catasto Sezionale Sentieri il cui scopo sar\u00e0 quello di favorire la conoscenza dello stato effettivo di validazione del sentiero: ciascun socio, o gruppo di soci, potr\u00e0 assumersi l&#8217;incarico di verificare lo stato di uno o pi\u00f9 sentieri a sua scelta purch\u00e8 ricadenti nel territorio della nostra sezione.<\/li>\n<li>E&#8217; sempre in corso l&#8217;approfondimento di tematiche relative ai sentieri e alla cartografia:\n<ul>\n<li>La<strong><a href=\"https:\/\/www.caicagliari.it\/escursionismo\/rete-escursionistica-molentargius\/\" target=\"_blank\" rel=\"noopener\"> Rete escursionistica di Molentargius<\/a><\/strong> (sentieri 700, 700A, 701, 701A, 701B, 702, 703, 704)<\/li>\n<li>La <a href=\"https:\/\/www.caicagliari.it\/escursionismo\/fluminimaggiore-2022\/\" target=\"_blank\" rel=\"noopener\"><strong>Rete escursionistica di Fluminimaggiore<\/strong><\/a> (sentieri 340, 341, 343, 344)<\/li>\n<\/ul>\n<\/li>\n<li>E&#8217; in corso di preparazione una attivit\u00e0 di confronto sull&#8217;utilizzo di alcuni programmi cartografici utili agli escursionisti: OkMap e OziExplorer per il PC, GeoResQ per smartphone e PC.<\/li>\n<li>Segnalazioni percorribilit\u00e0 sentieri. <a href=\"https:\/\/forms.gle\/jCPNJGVbGUiEVfkN6\" target=\"_blank\" rel=\"noopener\"><strong>In questa pagina<\/strong><\/a> potete segnalarci le difficolt\u00e0 incontrate nei sentieri.<\/li>\n<\/ul>\n<p><strong><a href=\"https:\/\/www.caicagliari.it\/escursionismo\/wp-content\/uploads\/sites\/2\/2022\/12\/Rel_sent_2022_10.pdf\" target=\"_blank\" rel=\"noopener\">Relazione Ottobre 2022<\/a><\/strong><\/p>\n<p><a href=\"https:\/\/www.caicagliari.it\/escursionismo\/wp-content\/uploads\/sites\/2\/2024\/01\/ATTIVITA-Commissione-Sentieri-2023-resoconto.pdf\" target=\"_blank\" rel=\"noopener\"><strong>Relazione attivit\u00e0 2023<\/strong><\/a><\/p>\n<h4><strong>Manuali CAI<\/strong><\/h4>\n<ul>\n<li><strong><a href=\"https:\/\/www.caicagliari.it\/escursionismo\/wp-content\/uploads\/sites\/2\/2025\/12\/CAI-IL-RILIEVO-DEI-SENTIERI-compresso.pdf\" target=\"_blank\" rel=\"noopener\">CAI IL RILIEVO DEI SENTIERI<\/a>\u00a0 <\/strong><em><strong>-file compresso<\/strong><\/em><\/li>\n<li><strong><a href=\"https:\/\/www.caicagliari.it\/escursionismo\/wp-content\/uploads\/sites\/2\/2025\/12\/CAI-LATTIVITA-DEI-VOLONTARI-compresso.pdf\" target=\"_blank\" rel=\"noopener\">CAI L&#8217;ATTIVIT\u00c0 DEI VOLONTARI<\/a>\u00a0 -file <em>compresso<\/em><\/strong><\/li>\n<li><strong><a href=\"https:\/\/www.caicagliari.it\/escursionismo\/wp-content\/uploads\/sites\/2\/2025\/12\/CAI-SENTIERI-compresso.pdf\" target=\"_blank\" rel=\"noopener\">CAI SENTIERI<\/a>\u00a0 &#8211; file <em>compresso<\/em><\/strong><\/li>\n<\/ul>\n<p>&nbsp;<\/p>\n<h4><strong>&#8211; Sentiero Italia CAI 2019<\/strong><\/h4>\n<p>1 marzo 2019 &#8211;\u00a0 S.Teresa Gallura. Cerimonia inaugurale del Sentiero Italia.<br \/>\n2-3 marzo &#8211; Burcei &#8211; Sinnai &#8211; Castiadas. Prime due escursioni della staffetta che porter\u00e0 gli escursionisti a percorrere tutto il Sentiero Italia.<\/p>\n<p>Da allora il lavoro non si \u00e8 mai interrotto.<\/p>\n","protected":false},"excerpt":{"rendered":"<p>La Commissione Sentieri e Cartografia Anche nella nostra Regione si assiste ad un crescente interesse per l&#8217;attivit\u00e0 escursionistica e ad un costante incremento di camminatori frequentatori dei sentieri. Da qualche anno anche in Sardegna \u00e8 presente una Rete Escursionistica in &hellip; <a href=\"https:\/\/www.caicagliari.it\/escursionismo\/sentieristica-cartografia\/\">Continua<\/a><\/p>\n","protected":false},"author":9,"featured_media":0,"parent":0,"menu_order":0,"comment_status":"closed","ping_status":"closed","template":"","meta":{"_acf_changed":false,"jetpack_post_was_ever_published":false,"footnotes":""},"class_list":["post-10003508","page","type-page","status-publish","hentry"],"acf":[],"jetpack_sharing_enabled":true,"jetpack_shortlink":"https:\/\/wp.me\/P7kNhu-FYmU","jetpack-related-posts":[{"id":10004418,"url":"https:\/\/www.caicagliari.it\/escursionismo\/commissione-sentieri-2\/","url_meta":{"origin":10003508,"position":0},"title":"Commissione Sentieri","author":"paolop","date":"23 Ottobre 2017","format":false,"excerpt":"Costituita nel 1983 per occuparsi di quell'ambito specifico del settore escursionistico che \u00e8 volto allo studio, alla realizzazionee alla manutenzione di reti di sentieri segnati, dunque di tracciati percorribili anche in autonomia e senza ausilio di guida. La Legge regionale 16\/2017 (Testo unico sul turismo) modifica la Legge Regionale n.8\u2026","rel":"","context":"Articolo simile","block_context":{"text":"Articolo simile","link":""},"img":{"alt_text":"","src":"https:\/\/i0.wp.com\/www.caicagliari.it\/escursionismo\/wp-content\/uploads\/sites\/2\/2022\/09\/caica.jpg?fit=512%2C512&ssl=1&resize=350%2C200","width":350,"height":200},"classes":[]},{"id":10003612,"url":"https:\/\/www.caicagliari.it\/escursionismo\/georesq-istruzioni-per-luso\/","url_meta":{"origin":10003508,"position":1},"title":"GeoResQ &#8211; Istruzioni per l&#8217;uso","author":"paolop","date":"24 Febbraio 2024","format":false,"excerpt":"La Commissione Sentieri e Cartografia del Club Alpino Italiano - Sezione di Cagliari ha preparato una presentazione sull' uso di GeoResQ E' stato preparato un file.pdf con alcuni collegamenti ipertestuali. Si consiglia di aprire i collegamenti ipertestuali con il tasto destro del mouse. In caso contrario quando si ritorna al\u2026","rel":"","context":"Articolo simile","block_context":{"text":"Articolo simile","link":""},"img":{"alt_text":"","src":"","width":0,"height":0},"classes":[]},{"id":10002602,"url":"https:\/\/www.caicagliari.it\/escursionismo\/rete-escursionistica-molentargius\/","url_meta":{"origin":10003508,"position":2},"title":"Rete Escursionistica Molentargius","author":"paolop","date":"16 Giugno 2021","format":false,"excerpt":"\u00a0Molentargius - rete escursionistica Progetto escursionistico realizzato Mappa dei sentieri proposti e relativa numerazione. Localizzazione Luoghi di Posa In collaborazione tra Parco Naturale Regionale Molentargius-Saline, Rotary, CAI Cagliari Istruzioni: a) sono presenti tutti i sentieri previsti con i relativi Luoghi di Posa; b) sia i sentieri che i Luoghi di\u2026","rel":"","context":"Articolo simile","block_context":{"text":"Articolo simile","link":""},"img":{"alt_text":"","src":"","width":0,"height":0},"classes":[]},{"id":10004216,"url":"https:\/\/www.caicagliari.it\/escursionismo\/sentieri-e-cammini-di-sardegna\/","url_meta":{"origin":10003508,"position":3},"title":"Sentieri e Cammini di Sardegna","author":"paolop","date":"13 Dicembre 2025","format":false,"excerpt":"Sentieri e Cammini in Sardegna (fase progettuale) In questa pagina sono presenti: il Sentiero italia CAI tutti i Cammini e gli itinerari religiosi riconosciuti dalla Regione Sardegna; alcuni Cammini non riconosciuti, ma pubblicizzati, che siamo riusciti a reperire; i sentieri del cagliaritano inseriti nella Rete Escursionistica della Sardegna. Istruzioni: la\u2026","rel":"","context":"Articolo simile","block_context":{"text":"Articolo simile","link":""},"img":{"alt_text":"","src":"","width":0,"height":0},"classes":[]},{"id":10002127,"url":"https:\/\/www.caicagliari.it\/escursionismo\/gruppo-escursionistico\/organizzazione\/","url_meta":{"origin":10003508,"position":4},"title":"Organizzazione","author":"paolop","date":"6 Giugno 2019","format":false,"excerpt":"Presidente: Claudio Simbula Sito: www.escai.sardegna.it \u00a0 Informazioni generali Il Gruppo si occupa della compilazione del calendario delle escursioni da proporre ogni anno, della conduzione e dell\u2019organizzazione delle stesse. Promuove ogni iniziativa per la diffusione e la pratica dell\u2019escursionismo finalizzata alla frequentazione consapevole e corretta dei territori montani, allo studio, la\u2026","rel":"","context":"Articolo simile","block_context":{"text":"Articolo simile","link":""},"img":{"alt_text":"","src":"","width":0,"height":0},"classes":[]},{"id":10003773,"url":"https:\/\/www.caicagliari.it\/escursionismo\/segnalazione-sentieri\/","url_meta":{"origin":10003508,"position":5},"title":"Segnalazione sentieri","author":"paolop","date":"13 Giugno 2024","format":false,"excerpt":"Ti chiediamo una cortese collaborazione sul rilevamento dello stato dei sentieri. Con la semplice compilazione di questo modulo puoi segnalare: la perfetta percorribilit\u00e0 di un sentiero numerato; le problematiche presenti nella segnaletica di un sentiero numerato; le difficolt\u00e0 nella percorrenza di un sentiero numerato.","rel":"","context":"Articolo simile","block_context":{"text":"Articolo simile","link":""},"img":{"alt_text":"","src":"","width":0,"height":0},"classes":[]}],"_links":{"self":[{"href":"https:\/\/www.caicagliari.it\/escursionismo\/wp-json\/wp\/v2\/pages\/10003508","targetHints":{"allow":["GET"]}}],"collection":[{"href":"https:\/\/www.caicagliari.it\/escursionismo\/wp-json\/wp\/v2\/pages"}],"about":[{"href":"https:\/\/www.caicagliari.it\/escursionismo\/wp-json\/wp\/v2\/types\/page"}],"author":[{"embeddable":true,"href":"https:\/\/www.caicagliari.it\/escursionismo\/wp-json\/wp\/v2\/users\/9"}],"replies":[{"embeddable":true,"href":"https:\/\/www.caicagliari.it\/escursionismo\/wp-json\/wp\/v2\/comments?post=10003508"}],"version-history":[{"count":5,"href":"https:\/\/www.caicagliari.it\/escursionismo\/wp-json\/wp\/v2\/pages\/10003508\/revisions"}],"predecessor-version":[{"id":10004204,"href":"https:\/\/www.caicagliari.it\/escursionismo\/wp-json\/wp\/v2\/pages\/10003508\/revisions\/10004204"}],"wp:attachment":[{"href":"https:\/\/www.caicagliari.it\/escursionismo\/wp-json\/wp\/v2\/media?parent=10003508"}],"curies":[{"name":"wp","href":"https:\/\/api.w.org\/{rel}","templated":true}]}}