{"id":10002127,"date":"2019-06-06T10:26:32","date_gmt":"2019-06-06T08:26:32","guid":{"rendered":"http:\/\/www.caicagliari.it\/escursionismo\/?page_id=10002127"},"modified":"2019-06-06T10:29:13","modified_gmt":"2019-06-06T08:29:13","slug":"organizzazione","status":"publish","type":"page","link":"https:\/\/www.caicagliari.it\/escursionismo\/gruppo-escursionistico\/organizzazione\/","title":{"rendered":"Organizzazione"},"content":{"rendered":"<div class=\"main col-lg-9 col-md-8\" role=\"main\">\n<div class=\"entry-content\">\n<div id=\"content\">\n<div class=\"text_contents\">\n<div><b>Presidente: <i>Claudio Simbula<\/i><i><br \/>\n<\/i><\/b><\/div>\n<p>Sito: <a href=\"http:\/\/www.escai.sardegna.it\/\">www.escai.sardegna.it<\/a><\/p>\n<p>&nbsp;<\/p>\n<div><b> Informazioni generali <\/b><\/div>\n<div>\n<div>Il Gruppo si occupa della compilazione del calendario delle escursioni da proporre ogni anno, della conduzione e dell\u2019organizzazione delle stesse. Promuove ogni iniziativa per la diffusione e la pratica dell\u2019escursionismo finalizzata alla frequentazione consapevole e corretta dei territori montani, allo studio, la conoscenza e la salvaguardia delle specificit\u00e0 presenti nel loro ambiente naturale e culturale; collabora con la Commissione Sentieri e Cartografia per sostenere e favorire l\u2019uniformit\u00e0 della segnaletica dei Sentieri secondo quanto stabilito dai criteri della Commissione Centrale Escursionismo del Club Alpino Italiano.<\/div>\n<\/div>\n<div>Tutti i soci che intendano collaborare attivamente, con spirito di servizio, volontario e gratuito, alla preparazione ed organizzazione delle escursioni sociali e alle altre \u00a0attivit\u00e0 promosse dalla Commissione, sono i benvenuti. Per ogni informazione \u00e8 possibile contattare\u00a0il responsabile Claudio Simbula.<br \/>\nLe riunioni si tengono il primo Venerd\u00ec del mese dalle 20:00 in sede (via Piccioni, 13 \u2013 Cagliari).<\/div>\n<div>Il Gruppo ha un suo sito: <a href=\"http:\/\/www.escai.sardegna.it\">www.escai.sardegna.it<\/a><\/div>\n<p>&nbsp;<\/p>\n<div>\n<div><b>Trekking a Cagliari, Trekking in Sardegna.<\/b><\/div>\n<\/div>\n<div>La\u00a0partecipazione alle escursioni sociali in programma \u00e8 aperta anche ai non soci.<\/div>\n<div>Si tratta di affascinanti proposte di trekking da Cagliari alla scoperta della Sardegna, piccolo paradiso per gli amanti del trekking e delle escursioni.<\/div>\n<div>Le iscrizioni si effettuano tutti i giorni feriali rivolgendosi al Responsabile Escursioni dalle 9:00 alle 12:30 e dalle 16:00 alle 19:30, al numero indicato nella presentazione di ogni Escursione.<\/div>\n<div>Ci si pu\u00f2 anche rivolgere in sede (Via Piccioni, 13 CAGLIARI) ogni venerd\u00ec dalle 19:00 alle 21:00\u00a0 (tel. 070 667877)<\/div>\n<div>Le escursioni si svolgono, a seconda delle indicazioni, in pullman o in auto e prevedono il versamento di un contributo organizzativo.<\/div>\n<div>La partecipazione alle escursioni implica la conoscenza ed accettazione dell\u2019apposito regolamento.<\/div>\n<div>In particolare gli escursionisti devono presentarsi muniti dell\u2019attrezzatura indispensabile altrimenti potrebbero essere esclusi; sono anche impegnati al massimo rispetto dei luoghi e dell\u2019ambiente naturale e sono tenuti al massimo rispetto delle direttive impartite dagli Accompagnatori del CAI.<\/div>\n<div><\/div>\n<div>\n<p>&nbsp;<\/p>\n<p><b>Le nostre regole<\/b><\/p>\n<p>Le nostre escursioni sono aperte anche ai NON SOCI, con qualche limitazione e differenza. Non accettiamo ad esempio chi non sia adeguatamente equipaggiato e non facciamo partecipare ad escursioni impegnative chi viene con noi per la prima volta.<br \/>\nI non Soci sono ammessi alle escursioni per poche volte, dopodich\u00e9 dovranno iscriversi alla Sezione.<br \/>\n<b>Le prenotazioni per i \u201cnon soci\u201d si accettano fino alle ore 12.00 di ogni venerdi precedente l\u2019escursione.<\/b><\/p>\n<\/div>\n<div>Tutte le disposizioni vengono da anni di esperienza, da successivi perfezionamenti e da continue modifiche.<br \/>\nAd ogni buon conto, queste sono le nostre regole.<\/div>\n<\/div>\n<\/div>\n<p>&nbsp;<\/p>\n<div id=\"content\">\n<div class=\"text_contents\">\n<div>\n<p><b>Classificazione delle escursioni<\/b><\/p>\n<p>Le difficolt\u00e0 degli itinerari.<br \/>\nLe difficolt\u00e0 sono espresse secondo la scala del C.A.I. che contempla i livelli: turistico (T), escursionistico (E), escursionistico per esperti (EE), escursionistico per esperti con attrezzatura (EEA).<br \/>\nT = turistico. Sono itinerari che si svolgono prevalentemente su sterrate (pastorali o forestali) e larghe mulattiere. Hanno percorsi di lunghezza limitata (fino a tre ore) e ben evidenti grazie alle segnalazioni e alla sede marcata. Presentano dislivelli contenuti e non offrono problemi di orientamento.<br \/>\nE = escursionistico. Sono itinerari pi\u00f9 lunghi e articolati che si svolgono su sentieri dal fondo regolare pi\u00f9 o meno sconnessi con o senza segnalazioni, o su tracce o segni di passaggio su terreno vario (pascoli, detriti, pietraie). Si possono incontrare tratti ripidi e dislivelli in salita superiori a 500 metri.<br \/>\nEE = escursionistico per esperti. Si tratta di itinerari che implicano la capacit\u00e0 di muoversi agevolmente su terreni diversi (pietraie, pendii aperti senza punti di riferimento). Impongono perci\u00f2 la necessit\u00e0 di un buon allenamento fisico.<br \/>\nEEA= escursionistico per esperti con attrezzatura. Si tratta di escursioni di impegno notevole che prevedono qualche passaggio di roccia, che per la sicurezza richiede una attrezzatura minima dell\u2019escursionista.<\/p>\n<p>&nbsp;<\/p>\n<p><b>Gli Accompagnatori nel CAI<\/b><\/p>\n<p>Gli Accompagnatori\u00a0 del CAI presenti nella nostra Sezione, hanno queste denominazioni:<br \/>\nAE\u00a0 = Accompagnatore di Escursionismo (Titolato)<br \/>\nASE= Accompagnatore Sezionale di Escursionismo (Qualificato)<br \/>\nIl Direttore di Escursione pur essendo Socio non \u00e8 n\u00e9 Titolato n\u00e9 Qualificato e pu\u00f2 comunque guidare un\u2019escursione, su specifico incarico del Gruppo.<\/p>\n<p>&nbsp;<\/p>\n<p><b>E ricordate:<\/b><\/p>\n<p>Le Sezioni di Nuoro e di Sassari organizzano un proprio calendario di attivit\u00e0; tutti i calendari sono aperti ai Soci delle altre Sezioni.<\/p>\n<\/div>\n<\/div>\n<\/div>\n<\/div>\n<\/div>\n","protected":false},"excerpt":{"rendered":"<p>Presidente: Claudio Simbula Sito: www.escai.sardegna.it &nbsp; Informazioni generali Il Gruppo si occupa della compilazione del calendario delle escursioni da proporre ogni anno, della conduzione e dell\u2019organizzazione delle stesse. Promuove ogni iniziativa per la diffusione e la pratica dell\u2019escursionismo finalizzata alla &hellip; <a href=\"https:\/\/www.caicagliari.it\/escursionismo\/gruppo-escursionistico\/organizzazione\/\">Continua<\/a><\/p>\n","protected":false},"author":9,"featured_media":0,"parent":127,"menu_order":0,"comment_status":"closed","ping_status":"closed","template":"","meta":{"_acf_changed":false,"jetpack_post_was_ever_published":false,"footnotes":""},"class_list":["post-10002127","page","type-page","status-publish","hentry"],"acf":[],"jetpack_sharing_enabled":true,"jetpack_shortlink":"https:\/\/wp.me\/P7kNhu-FY0D","jetpack-related-posts":[{"id":10004418,"url":"https:\/\/www.caicagliari.it\/escursionismo\/commissione-sentieri-2\/","url_meta":{"origin":10002127,"position":0},"title":"Commissione Sentieri","author":"paolop","date":"23 Ottobre 2017","format":false,"excerpt":"Costituita nel 1983 per occuparsi di quell'ambito specifico del settore escursionistico che \u00e8 volto allo studio, alla realizzazionee alla manutenzione di reti di sentieri segnati, dunque di tracciati percorribili anche in autonomia e senza ausilio di guida. La Legge regionale 16\/2017 (Testo unico sul turismo) modifica la Legge Regionale n.8\u2026","rel":"","context":"Articolo simile","block_context":{"text":"Articolo simile","link":""},"img":{"alt_text":"","src":"https:\/\/i0.wp.com\/www.caicagliari.it\/escursionismo\/wp-content\/uploads\/sites\/2\/2022\/09\/caica.jpg?fit=512%2C512&ssl=1&resize=350%2C200","width":350,"height":200},"classes":[]},{"id":10003508,"url":"https:\/\/www.caicagliari.it\/escursionismo\/sentieristica-cartografia\/","url_meta":{"origin":10002127,"position":1},"title":"Sentieristica &#8211; Cartografia","author":"paolop","date":"9 Gennaio 2024","format":false,"excerpt":"La Commissione Sentieri e Cartografia Anche nella nostra Regione si assiste ad un crescente interesse per l'attivit\u00e0 escursionistica e ad un costante incremento di camminatori frequentatori dei sentieri. Da qualche anno anche in Sardegna \u00e8 presente una Rete Escursionistica in continua espansione grazie, in primo luogo, all'impegno di Forestas e\u2026","rel":"","context":"Articolo simile","block_context":{"text":"Articolo simile","link":""},"img":{"alt_text":"","src":"","width":0,"height":0},"classes":[]},{"id":10004216,"url":"https:\/\/www.caicagliari.it\/escursionismo\/sentieri-e-cammini-di-sardegna\/","url_meta":{"origin":10002127,"position":2},"title":"Sentieri e Cammini di Sardegna","author":"paolop","date":"13 Dicembre 2025","format":false,"excerpt":"Sentieri e Cammini in Sardegna (fase progettuale) In questa pagina sono presenti: il Sentiero italia CAI tutti i Cammini e gli itinerari religiosi riconosciuti dalla Regione Sardegna; alcuni Cammini non riconosciuti, ma pubblicizzati, che siamo riusciti a reperire; i sentieri del cagliaritano inseriti nella Rete Escursionistica della Sardegna. Istruzioni: la\u2026","rel":"","context":"Articolo simile","block_context":{"text":"Articolo simile","link":""},"img":{"alt_text":"","src":"","width":0,"height":0},"classes":[]},{"id":10001291,"url":"https:\/\/www.caicagliari.it\/escursionismo\/gruppo-escursionistico\/le-regole\/","url_meta":{"origin":10002127,"position":3},"title":"Le Regole","author":"admin","date":"15 Marzo 2016","format":false,"excerpt":"PREMESSA L\u2019Escursionismo Sociale \u00e8 l\u2019attivit\u00e0 pi\u00f9 praticata nella nostra sezione, la via maestra di accesso dei soci alle nostre attivit\u00e0. Riveste perci\u00f2 una importanza sociale e formativa fondamentale e promuove oltre ad un sano godimento della natura in piena sicurezza, anche la maturazione culturale e tecnica del socio che ha\u2026","rel":"","context":"Articolo simile","block_context":{"text":"Articolo simile","link":""},"img":{"alt_text":"","src":"","width":0,"height":0},"classes":[]},{"id":10003612,"url":"https:\/\/www.caicagliari.it\/escursionismo\/georesq-istruzioni-per-luso\/","url_meta":{"origin":10002127,"position":4},"title":"GeoResQ &#8211; Istruzioni per l&#8217;uso","author":"paolop","date":"24 Febbraio 2024","format":false,"excerpt":"La Commissione Sentieri e Cartografia del Club Alpino Italiano - Sezione di Cagliari ha preparato una presentazione sull' uso di GeoResQ E' stato preparato un file.pdf con alcuni collegamenti ipertestuali. Si consiglia di aprire i collegamenti ipertestuali con il tasto destro del mouse. In caso contrario quando si ritorna al\u2026","rel":"","context":"Articolo simile","block_context":{"text":"Articolo simile","link":""},"img":{"alt_text":"","src":"","width":0,"height":0},"classes":[]},{"id":10004112,"url":"https:\/\/www.caicagliari.it\/escursionismo\/sentieri-sella-del-diavolo\/","url_meta":{"origin":10002127,"position":5},"title":"Sentieri Sella del Diavolo","author":"paolop","date":"14 Settembre 2025","format":false,"excerpt":"Sentieri nella Sella del Diavolo (fase pre-progettuale) Progetto escursionistico (ancora da valutare la sua opportunit\u00e0). Presente traccia dei sentieri proposti\u00a0 e localizzazione eventuali Luoghi di Posa. Sarebbero previsti due sentieri per ora denominati A e B. I Luoghi di Posa contengono descrizioni attivabili con un click del mouse. E' possibile\u2026","rel":"","context":"Articolo simile","block_context":{"text":"Articolo simile","link":""},"img":{"alt_text":"","src":"","width":0,"height":0},"classes":[]}],"_links":{"self":[{"href":"https:\/\/www.caicagliari.it\/escursionismo\/wp-json\/wp\/v2\/pages\/10002127","targetHints":{"allow":["GET"]}}],"collection":[{"href":"https:\/\/www.caicagliari.it\/escursionismo\/wp-json\/wp\/v2\/pages"}],"about":[{"href":"https:\/\/www.caicagliari.it\/escursionismo\/wp-json\/wp\/v2\/types\/page"}],"author":[{"embeddable":true,"href":"https:\/\/www.caicagliari.it\/escursionismo\/wp-json\/wp\/v2\/users\/9"}],"replies":[{"embeddable":true,"href":"https:\/\/www.caicagliari.it\/escursionismo\/wp-json\/wp\/v2\/comments?post=10002127"}],"version-history":[{"count":1,"href":"https:\/\/www.caicagliari.it\/escursionismo\/wp-json\/wp\/v2\/pages\/10002127\/revisions"}],"predecessor-version":[{"id":10002128,"href":"https:\/\/www.caicagliari.it\/escursionismo\/wp-json\/wp\/v2\/pages\/10002127\/revisions\/10002128"}],"up":[{"embeddable":true,"href":"https:\/\/www.caicagliari.it\/escursionismo\/wp-json\/wp\/v2\/pages\/127"}],"wp:attachment":[{"href":"https:\/\/www.caicagliari.it\/escursionismo\/wp-json\/wp\/v2\/media?parent=10002127"}],"curies":[{"name":"wp","href":"https:\/\/api.w.org\/{rel}","templated":true}]}}