{"id":10001693,"date":"2018-02-07T14:54:20","date_gmt":"2018-02-07T13:54:20","guid":{"rendered":"http:\/\/www.caicagliari.it\/escursionismo\/?page_id=10001693"},"modified":"2019-03-17T11:03:43","modified_gmt":"2019-03-17T10:03:43","slug":"2018-alpi-venoste-bz-dal-17-al-26-agosto-2018","status":"publish","type":"page","link":"https:\/\/www.caicagliari.it\/escursionismo\/2018-alpi-venoste-bz-dal-17-al-26-agosto-2018\/","title":{"rendered":"2018 &#8211; Alpi Venoste (BZ) &#8211; Dal 17 al 26 agosto 2018"},"content":{"rendered":"<p>Come di consueto si svolger\u00e0 nel mese di agosto l&#8217;escursione estiva sulle Alpi.<br \/>\nPer ora \u00e8 stata pubblicata la descrizione di massima. per ulteriori informazioni consultare<br \/>\n<a href=\"http:\/\/www.caicagliari.it\/escursionismo\/wp-content\/uploads\/sites\/2\/2018\/02\/TREK-MASSIMA-VAL-VENOSTA.pdf\" target=\"_blank\" rel=\"noopener noreferrer\">la descrizione<\/a><\/p>\n","protected":false},"excerpt":{"rendered":"<p>Come di consueto si svolger\u00e0 nel mese di agosto l&#8217;escursione estiva sulle Alpi. Per ora \u00e8 stata pubblicata la descrizione di massima. per ulteriori informazioni consultare la descrizione<\/p>\n","protected":false},"author":9,"featured_media":0,"parent":0,"menu_order":0,"comment_status":"closed","ping_status":"closed","template":"","meta":{"_acf_changed":false,"jetpack_post_was_ever_published":false,"footnotes":""},"class_list":["post-10001693","page","type-page","status-publish","hentry"],"acf":[],"jetpack_sharing_enabled":true,"jetpack_shortlink":"https:\/\/wp.me\/P7kNhu-FXTD","jetpack-related-posts":[{"id":10004356,"url":"https:\/\/www.caicagliari.it\/escursionismo\/domenica-15-febbraio-2026-buggerru-cala-domestica\/","url_meta":{"origin":10001693,"position":0},"title":"Domenica 15 Febbraio 2026 &#8211; Buggerru &#8211; Cala Domestica","author":"paolop","date":"6 Febbraio 2026","format":false,"excerpt":"Escursione molto suggestiva tra mare, calcare e resti di archeologia mineraria nel territorio di Buggerru. Una prima parte tutta sulle formazioni rocciose in prossimit\u00e0 della linea di costa, il rientro attraverso il bel sentiero n.301. Il percorso, quasi completamente all\u2019aperto, non \u00e8 particolarmente impegnativo, ma richiede esperienza escursionistica e passo\u2026","rel":"","context":"Articolo simile","block_context":{"text":"Articolo simile","link":""},"img":{"alt_text":"","src":"https:\/\/i0.wp.com\/www.caicagliari.it\/escursionismo\/wp-content\/uploads\/sites\/2\/2026\/01\/2026_02_01-BuggerruCalaD.jpg?fit=1050%2C564&ssl=1&resize=350%2C200","width":350,"height":200,"srcset":"https:\/\/i0.wp.com\/www.caicagliari.it\/escursionismo\/wp-content\/uploads\/sites\/2\/2026\/01\/2026_02_01-BuggerruCalaD.jpg?fit=1050%2C564&ssl=1&resize=350%2C200 1x, https:\/\/i0.wp.com\/www.caicagliari.it\/escursionismo\/wp-content\/uploads\/sites\/2\/2026\/01\/2026_02_01-BuggerruCalaD.jpg?fit=1050%2C564&ssl=1&resize=525%2C300 1.5x, https:\/\/i0.wp.com\/www.caicagliari.it\/escursionismo\/wp-content\/uploads\/sites\/2\/2026\/01\/2026_02_01-BuggerruCalaD.jpg?fit=1050%2C564&ssl=1&resize=700%2C400 2x, https:\/\/i0.wp.com\/www.caicagliari.it\/escursionismo\/wp-content\/uploads\/sites\/2\/2026\/01\/2026_02_01-BuggerruCalaD.jpg?fit=1050%2C564&ssl=1&resize=1050%2C600 3x"},"classes":[]},{"id":10001291,"url":"https:\/\/www.caicagliari.it\/escursionismo\/gruppo-escursionistico\/le-regole\/","url_meta":{"origin":10001693,"position":1},"title":"Le Regole","author":"admin","date":"15 Marzo 2016","format":false,"excerpt":"PREMESSA L\u2019Escursionismo Sociale \u00e8 l\u2019attivit\u00e0 pi\u00f9 praticata nella nostra sezione, la via maestra di accesso dei soci alle nostre attivit\u00e0. Riveste perci\u00f2 una importanza sociale e formativa fondamentale e promuove oltre ad un sano godimento della natura in piena sicurezza, anche la maturazione culturale e tecnica del socio che ha\u2026","rel":"","context":"Articolo simile","block_context":{"text":"Articolo simile","link":""},"img":{"alt_text":"","src":"","width":0,"height":0},"classes":[]},{"id":10002052,"url":"https:\/\/www.caicagliari.it\/escursionismo\/2019-adamello-trekking-estivo-2019\/","url_meta":{"origin":10001693,"position":2},"title":"2019 &#8211; Adamello &#8211; Trekking estivo 2019","author":"paolop","date":"17 Marzo 2019","format":false,"excerpt":"Dal 17 al 24 Agosto 2019 si svolger\u00e0 il consueto \"Trekking Estivo\". - ACCOMPAGNATRICE Eugenia Scano (AE) Cell.333-1165197 -- e-mail eugenia.scano@alice.it - Interessante percorso d\u2019alta montagna, nel cuore dell\u2019Adamello, tra le valli Giudicarie e la Val Genova, ricca di cascate, torrenti e magnifici scorci sui ghiacciai del Car\u00e8 Alto (3462\u2026","rel":"","context":"Articolo simile","block_context":{"text":"Articolo simile","link":""},"img":{"alt_text":"","src":"","width":0,"height":0},"classes":[]},{"id":10004418,"url":"https:\/\/www.caicagliari.it\/escursionismo\/commissione-sentieri-2\/","url_meta":{"origin":10001693,"position":3},"title":"Commissione Sentieri","author":"paolop","date":"23 Ottobre 2017","format":false,"excerpt":"Costituita nel 1983 per occuparsi di quell'ambito specifico del settore escursionistico che \u00e8 volto allo studio, alla realizzazionee alla manutenzione di reti di sentieri segnati, dunque di tracciati percorribili anche in autonomia e senza ausilio di guida. La Legge regionale 16\/2017 (Testo unico sul turismo) modifica la Legge Regionale n.8\u2026","rel":"","context":"Articolo simile","block_context":{"text":"Articolo simile","link":""},"img":{"alt_text":"","src":"https:\/\/i0.wp.com\/www.caicagliari.it\/escursionismo\/wp-content\/uploads\/sites\/2\/2022\/09\/caica.jpg?fit=512%2C512&ssl=1&resize=350%2C200","width":350,"height":200},"classes":[]},{"id":10004216,"url":"https:\/\/www.caicagliari.it\/escursionismo\/sentieri-e-cammini-di-sardegna\/","url_meta":{"origin":10001693,"position":4},"title":"Sentieri e Cammini di Sardegna","author":"paolop","date":"13 Dicembre 2025","format":false,"excerpt":"Sentieri e Cammini in Sardegna (fase progettuale) In questa pagina sono presenti: il Sentiero italia CAI tutti i Cammini e gli itinerari religiosi riconosciuti dalla Regione Sardegna; alcuni Cammini non riconosciuti, ma pubblicizzati, che siamo riusciti a reperire; i sentieri del cagliaritano inseriti nella Rete Escursionistica della Sardegna. Istruzioni: la\u2026","rel":"","context":"Articolo simile","block_context":{"text":"Articolo simile","link":""},"img":{"alt_text":"","src":"","width":0,"height":0},"classes":[]}],"_links":{"self":[{"href":"https:\/\/www.caicagliari.it\/escursionismo\/wp-json\/wp\/v2\/pages\/10001693","targetHints":{"allow":["GET"]}}],"collection":[{"href":"https:\/\/www.caicagliari.it\/escursionismo\/wp-json\/wp\/v2\/pages"}],"about":[{"href":"https:\/\/www.caicagliari.it\/escursionismo\/wp-json\/wp\/v2\/types\/page"}],"author":[{"embeddable":true,"href":"https:\/\/www.caicagliari.it\/escursionismo\/wp-json\/wp\/v2\/users\/9"}],"replies":[{"embeddable":true,"href":"https:\/\/www.caicagliari.it\/escursionismo\/wp-json\/wp\/v2\/comments?post=10001693"}],"version-history":[{"count":4,"href":"https:\/\/www.caicagliari.it\/escursionismo\/wp-json\/wp\/v2\/pages\/10001693\/revisions"}],"predecessor-version":[{"id":10002051,"href":"https:\/\/www.caicagliari.it\/escursionismo\/wp-json\/wp\/v2\/pages\/10001693\/revisions\/10002051"}],"wp:attachment":[{"href":"https:\/\/www.caicagliari.it\/escursionismo\/wp-json\/wp\/v2\/media?parent=10001693"}],"curies":[{"name":"wp","href":"https:\/\/api.w.org\/{rel}","templated":true}]}}