{"id":10001291,"date":"2016-03-15T19:14:00","date_gmt":"2016-03-15T18:14:00","guid":{"rendered":"http:\/\/test9.antoniopalumbo.it\/escursionismo\/?page_id=10001291"},"modified":"2019-06-06T11:00:16","modified_gmt":"2019-06-06T09:00:16","slug":"le-regole","status":"publish","type":"page","link":"https:\/\/www.caicagliari.it\/escursionismo\/gruppo-escursionistico\/le-regole\/","title":{"rendered":"Le Regole"},"content":{"rendered":"<p><strong>PREMESSA<\/strong><\/p>\n<p>L\u2019Escursionismo Sociale \u00e8 l\u2019attivit\u00e0 pi\u00f9 praticata nella nostra sezione, la via maestra di accesso dei soci alle nostre attivit\u00e0.<br \/>\nRiveste perci\u00f2 una importanza sociale e formativa fondamentale e promuove oltre ad un sano godimento della natura in piena sicurezza, anche la maturazione culturale e tecnica del socio che ha cos\u00ec l\u2019opportunit\u00e0 di conoscere la storia e la geografia della propria regione.<\/p>\n<p><strong>I REGOLAMENTI: ISTITUTIVO E TECNICO<\/strong><\/p>\n<p>Il primo \u00e8 quello con cui il Direttivo Sezionale istituisce e regola l&#8217;attivit\u00e0 del Gruppo ed interessa i suoi soci.<br \/>\nIl secondo \u00e8 il regolamento delle escursioni, maturato dopo decenni di esperienza, che riassume e si richiama ai valori etici del CAI ed alla tradizione storica della nostra sezione e vuol essere sia una raccolta di regole ormai consolidate, sia uno strumento guida per partecipanti e Accompagnatori.<br \/>\nQuesto \u00e8 il Regolamento che si deve conoscere per partecipare alle Escursioni.<\/p>\n<blockquote>\n<p style=\"text-align: center;\"><span class=\"fs14 cf1 ff2\"><b>REGOLAMENTO DELLE ESCURSIONI SOCIALI<br \/>\n<\/b><\/span><\/p>\n<\/blockquote>\n<blockquote><p><span class=\"fs10 cf1 ff2\"><b><i>PARTECIPAZIONE ALLE ESCURSIONI<\/p>\n<p><\/i>Art. 1. L&#8217;ESCURSIONISTA, L&#8217;ISCRIZIONE ALL&#8217;ESCURSIONE E I SUOI EFFETTI<br \/>\n<\/b><br \/>\nAlle escursioni possono partecipare i soci della Sezione e i non-soci.<br \/>\nI partecipanti si impegnano ad osservare il programma dell\u2019escursione ed il presente Regolamento.<br \/>\nLe iscrizioni possono essere effettuate di norma dal luned\u00ec precedente l&#8217;escursione, salvo diversa indicazione resa nota nel sito internet.<br \/>\nLe iscrizioni si effettuano per via telefonica presso l\u2019incaricato delle prenotazioni, e <b>per i non soci<\/b> presso la sede sociale del CAI, via Piccioni n. 13, tel. &#8211; fax 070\/667877, nelle ore d&#8217;apertura indicate nel sito internet.<br \/>\nLe escursioni programmate possono essere annullate per cause di forza maggiore, a discrezione del Direttore di escursione.<br \/>\nSe il mezzo di trasporto utilizzato \u00e8 il pullman, in linea di massima far\u00e0 sosta presso la piazza Giovanni XXIII in Cagliari.<br \/>\nQualora il numero degli iscritti non sia sufficiente a coprire le spese del vettore pi\u00f9 piccolo disponibile, si potranno utilizzare veicoli privati. In tal caso il Gruppo e la Sezione declinano ogni responsabilit\u00e0 per eventuali incidenti addebitabili al vettore.<br \/>\nE&#8217; fatto salvo il diritto del Direttore di escursione di stabilire un diverso sito di ritrovo a seconda dei casi.<br \/>\nL&#8217;orario di partenza deve essere <b>rigorosamente<\/b> rispettato.<br \/>\nIl Gruppo non restituir\u00e0 le somme anticipate dal ritardatario lasciato a terra, n\u00e9 di chi non avesse disdetto la partecipazione entro la data fissata dagli organizzatori al fine di poter coprire le spese organizzative e di trasporto.<br \/>\nE&#8217; stabilita per ogni escursione, oltre alla quota parte del costo dell\u2019eventuale vettore, un contributo organizzativo che ha lo scopo di coprire sia pure in termini quasi simbolici le spese di studio dell&#8217;itinerario nonch\u00e9 dell&#8217;organizzazione dell&#8217;escursione medesima.<br \/>\nIl contributo organizzativo non viene restituito in nessun caso.<br \/>\nA nessun Direttore di escursione spetta alcunch\u00e9 in quanto il CAI si avvale della disponibilit\u00e0 dei Soci che agiscono in regime di volontariato.<br \/>\nChi mette a disposizione il proprio veicolo ha diritto al rimborso da parte dei trasportati delle spese di carburante secondo le tabelle stabilite dal CD.<br \/>\nLa quota relativa all\u2019assicurazione dei non soci non sar\u00e0 rimborsata in caso di annullamento dell\u2019escursione.<\/p>\n<p><b>Art. 2. DOVERI DEI PARTECIPANTI<br \/>\n<\/b><br \/>\nI partecipanti devono possedere una preparazione psico-fisica adeguata alle difficolt\u00e0 da affrontare. A tale proposito il Direttore di escursione ha la facolt\u00e0 di escludere preventivamente quanti, a suo insindacabile giudizio, non siano ritenuti sufficientemente preparati o non adeguatamente equipaggiati.<br \/>\nI partecipanti devono inoltre attenersi scrupolosamente alle norme comportamentali indicate nella descrizione delle escursioni.<br \/>\nIn particolare:<br \/>\nOgni partecipante all\u2019escursione deve prendere visione delle norme del presente Regolamento ed \u00e8 tenuto a collaborare in modo solidale con i Direttori adeguandosi alle loro decisioni &#8211; specialmente quando insorgano, o siano insorte difficolt\u00e0 \u2013 e deve inoltre contribuire con il massimo impegno a determinare all\u2019interno della comitiva il positivo clima di solidariet\u00e0 umana indispensabile per favorire la buona riuscita dell\u2019iniziativa.<br \/>\nIl Direttore pu\u00f2 prevedere la formazione di pi\u00f9 comitive con diversi programmi. Per ognuna verr\u00e0 nominato un accompagnatore.<br \/>\n<\/span><span class=\"fs12 cf1 ff3\"><\/p>\n<p><\/span><span class=\"fs10 cf1 ff2\"><b>Art. 3. RISCHI E RESPONSABILIT\u00c0<br \/>\n<\/b><br \/>\n<b>Come previsto dal 2009, l\u2019iscrizione al Sodalizio garantisce automaticamente la copertura assicurativa per gli infortuni in attivit\u00e0 sociale e per la copertura delle spese inerenti il Soccorso Alpino.<br \/>\n<\/b>I non soci vengono assicurati dalla sezione con la <b>Polizza infortuni in attivit\u00e0 sociale <\/b>e con <b>la Polizza soccorso alpino in attivit\u00e0 sociale <\/b>per ogni singola escursione e l\u2019importo relativo \u00e8 a loro carico.<br \/>\nI Soci sono assicurati dalla polizza prevista dal Club Alpino Italiano per la responsabilit\u00e0 civile.<br \/>\n<i>L\u2019assicurazione vale per la responsabilit\u00e0 civile imputabile ai partecipanti alle attivit\u00e0 svolte e\/o organizzate dall\u2019assicurato, siano i medesimi soci e non soci del C.A.I., limitatamente ai danni cagionati a terzi, a cose e\/o animali sempre che l\u2019evento sia in rapporto di causalit\u00e0 con lo svolgimento e\/o l\u2019organizzazione dell\u2019attivit\u00e0.<\/i> (Polizza CAI)<\/p>\n<p><i>I Soci possono raddoppiare la copertura assicurativa chiedendolo <b>esclusivamente<\/b> all\u2019atto dell\u2019iscrizione o del rinnovo.<br \/>\nI Soci in regola con il tesseramento avranno la copertura assicurativa con le condizioni dell\u2019anno in corso e fino al 31\/03 dell\u2019anno successivo.<br \/>\nI nuovi soci saranno coperti automaticamente dalla polizza infortuni dal giorno successivo all\u2019iscrizione.<\/i> (Circolari CAI)<\/p>\n<p>I partecipanti, Soci di altre Sezioni CAI, debbono portare con s\u00e9 la tessera associativa da esibire al Direttore di escursione su semplice richiesta, per la verifica della copertura assicurativa in essere.<br \/>\nAl di fuori delle coperture suddette, gli escursionisti non godono di altre coperture assicurative e pertanto, considerati i rischi connessi allo svolgimento di attivit\u00e0 in montagna partecipano a proprio rischio e pericolo.<br \/>\nIl responsabile del Gruppo provvede ad attivare la copertura assicurativa comunicando al Presidente Sezionale i dati da inviare alla Sede Legale almeno 24 ore prima del giorno relativo all&#8217;escursione.<br \/>\nLa richiesta di partecipazione ad una escursione vale a tutti gli effetti quale sottoscrizione ed accettazione di tutto quanto precede.<\/p>\n<p><\/span><span class=\"fs10 cf1 ff2\"><b>Art. 4. PROMOZIONE DELLE ESCURSIONI SOCIALI<br \/>\n<\/b><br \/>\n<\/span><span class=\"fs10 cf1 ff2\">Tutte le comunicazioni a mezzo stampa relative alle Escursioni devono essere diffuse esclusivamente attraverso l&#8217;Addetto Stampa sezionale, in considerazione del fatto che la Sezione deve presentarsi con un&#8217;unica voce agli organi di stampa.la pubblicazione sui quotidiani locali e sul sito internet, i Direttori di escursione devono consegnare rispettivamente all&#8217;Addetto Stampa e al webmaster il programma dell\u2019escursione possibilmente 15 gg. prima dello svolgimento della manifestazione stessa tramite e-mail.CDS si impegner\u00e0 a comunicare al Gruppo i nominativi ed i recapiti e-mail dell\u2019Addetto Stampa e del Webmaster sezionale.<\/p>\n<p>Il presente Regolamento potr\u00e0 essere consultato:<br \/>\n&#8211; nel sito della Sezione: www.caicagliari.it;<br \/>\n&#8211; nel programma annuale della \u201cAttivit\u00e0 Sociale\u201d;<br \/>\n&#8211; nella bacheca della Sede della Sezione.<\/span><\/p><\/blockquote>\n","protected":false},"excerpt":{"rendered":"<p>PREMESSA L\u2019Escursionismo Sociale \u00e8 l\u2019attivit\u00e0 pi\u00f9 praticata nella nostra sezione, la via maestra di accesso dei soci alle nostre attivit\u00e0. Riveste perci\u00f2 una importanza sociale e formativa fondamentale e promuove oltre ad un sano godimento della natura in piena sicurezza, &hellip; <a href=\"https:\/\/www.caicagliari.it\/escursionismo\/gruppo-escursionistico\/le-regole\/\">Continua<\/a><\/p>\n","protected":false},"author":1,"featured_media":0,"parent":127,"menu_order":0,"comment_status":"closed","ping_status":"closed","template":"","meta":{"_acf_changed":false,"jetpack_post_was_ever_published":false,"footnotes":""},"class_list":["post-10001291","page","type-page","status-publish","hentry"],"acf":[],"jetpack_sharing_enabled":true,"jetpack_shortlink":"https:\/\/wp.me\/P7kNhu-FXN9","jetpack-related-posts":[{"id":10002127,"url":"https:\/\/www.caicagliari.it\/escursionismo\/gruppo-escursionistico\/organizzazione\/","url_meta":{"origin":10001291,"position":0},"title":"Organizzazione","author":"paolop","date":"6 Giugno 2019","format":false,"excerpt":"Presidente: Claudio Simbula Sito: www.escai.sardegna.it \u00a0 Informazioni generali Il Gruppo si occupa della compilazione del calendario delle escursioni da proporre ogni anno, della conduzione e dell\u2019organizzazione delle stesse. Promuove ogni iniziativa per la diffusione e la pratica dell\u2019escursionismo finalizzata alla frequentazione consapevole e corretta dei territori montani, allo studio, la\u2026","rel":"","context":"Articolo simile","block_context":{"text":"Articolo simile","link":""},"img":{"alt_text":"","src":"","width":0,"height":0},"classes":[]},{"id":10003508,"url":"https:\/\/www.caicagliari.it\/escursionismo\/sentieristica-cartografia\/","url_meta":{"origin":10001291,"position":1},"title":"Sentieristica &#8211; Cartografia","author":"paolop","date":"9 Gennaio 2024","format":false,"excerpt":"La Commissione Sentieri e Cartografia Anche nella nostra Regione si assiste ad un crescente interesse per l'attivit\u00e0 escursionistica e ad un costante incremento di camminatori frequentatori dei sentieri. Da qualche anno anche in Sardegna \u00e8 presente una Rete Escursionistica in continua espansione grazie, in primo luogo, all'impegno di Forestas e\u2026","rel":"","context":"Articolo simile","block_context":{"text":"Articolo simile","link":""},"img":{"alt_text":"","src":"","width":0,"height":0},"classes":[]},{"id":10004356,"url":"https:\/\/www.caicagliari.it\/escursionismo\/domenica-15-febbraio-2026-buggerru-cala-domestica\/","url_meta":{"origin":10001291,"position":2},"title":"Domenica 15 Febbraio 2026 &#8211; Buggerru &#8211; Cala Domestica","author":"paolop","date":"6 Febbraio 2026","format":false,"excerpt":"Escursione molto suggestiva tra mare, calcare e resti di archeologia mineraria nel territorio di Buggerru. Una prima parte tutta sulle formazioni rocciose in prossimit\u00e0 della linea di costa, il rientro attraverso il bel sentiero n.301. Il percorso, quasi completamente all\u2019aperto, non \u00e8 particolarmente impegnativo, ma richiede esperienza escursionistica e passo\u2026","rel":"","context":"Articolo simile","block_context":{"text":"Articolo simile","link":""},"img":{"alt_text":"","src":"https:\/\/i0.wp.com\/www.caicagliari.it\/escursionismo\/wp-content\/uploads\/sites\/2\/2026\/01\/2026_02_01-BuggerruCalaD.jpg?fit=1050%2C564&ssl=1&resize=350%2C200","width":350,"height":200,"srcset":"https:\/\/i0.wp.com\/www.caicagliari.it\/escursionismo\/wp-content\/uploads\/sites\/2\/2026\/01\/2026_02_01-BuggerruCalaD.jpg?fit=1050%2C564&ssl=1&resize=350%2C200 1x, https:\/\/i0.wp.com\/www.caicagliari.it\/escursionismo\/wp-content\/uploads\/sites\/2\/2026\/01\/2026_02_01-BuggerruCalaD.jpg?fit=1050%2C564&ssl=1&resize=525%2C300 1.5x, https:\/\/i0.wp.com\/www.caicagliari.it\/escursionismo\/wp-content\/uploads\/sites\/2\/2026\/01\/2026_02_01-BuggerruCalaD.jpg?fit=1050%2C564&ssl=1&resize=700%2C400 2x, https:\/\/i0.wp.com\/www.caicagliari.it\/escursionismo\/wp-content\/uploads\/sites\/2\/2026\/01\/2026_02_01-BuggerruCalaD.jpg?fit=1050%2C564&ssl=1&resize=1050%2C600 3x"},"classes":[]},{"id":10004418,"url":"https:\/\/www.caicagliari.it\/escursionismo\/commissione-sentieri-2\/","url_meta":{"origin":10001291,"position":3},"title":"Commissione Sentieri","author":"paolop","date":"23 Ottobre 2017","format":false,"excerpt":"Costituita nel 1983 per occuparsi di quell'ambito specifico del settore escursionistico che \u00e8 volto allo studio, alla realizzazionee alla manutenzione di reti di sentieri segnati, dunque di tracciati percorribili anche in autonomia e senza ausilio di guida. La Legge regionale 16\/2017 (Testo unico sul turismo) modifica la Legge Regionale n.8\u2026","rel":"","context":"Articolo simile","block_context":{"text":"Articolo simile","link":""},"img":{"alt_text":"","src":"https:\/\/i0.wp.com\/www.caicagliari.it\/escursionismo\/wp-content\/uploads\/sites\/2\/2022\/09\/caica.jpg?fit=512%2C512&ssl=1&resize=350%2C200","width":350,"height":200},"classes":[]},{"id":10004216,"url":"https:\/\/www.caicagliari.it\/escursionismo\/sentieri-e-cammini-di-sardegna\/","url_meta":{"origin":10001291,"position":4},"title":"Sentieri e Cammini di Sardegna","author":"paolop","date":"13 Dicembre 2025","format":false,"excerpt":"Sentieri e Cammini in Sardegna (fase progettuale) In questa pagina sono presenti: il Sentiero italia CAI tutti i Cammini e gli itinerari religiosi riconosciuti dalla Regione Sardegna; alcuni Cammini non riconosciuti, ma pubblicizzati, che siamo riusciti a reperire; i sentieri del cagliaritano inseriti nella Rete Escursionistica della Sardegna. Istruzioni: la\u2026","rel":"","context":"Articolo simile","block_context":{"text":"Articolo simile","link":""},"img":{"alt_text":"","src":"","width":0,"height":0},"classes":[]}],"_links":{"self":[{"href":"https:\/\/www.caicagliari.it\/escursionismo\/wp-json\/wp\/v2\/pages\/10001291","targetHints":{"allow":["GET"]}}],"collection":[{"href":"https:\/\/www.caicagliari.it\/escursionismo\/wp-json\/wp\/v2\/pages"}],"about":[{"href":"https:\/\/www.caicagliari.it\/escursionismo\/wp-json\/wp\/v2\/types\/page"}],"author":[{"embeddable":true,"href":"https:\/\/www.caicagliari.it\/escursionismo\/wp-json\/wp\/v2\/users\/1"}],"replies":[{"embeddable":true,"href":"https:\/\/www.caicagliari.it\/escursionismo\/wp-json\/wp\/v2\/comments?post=10001291"}],"version-history":[{"count":3,"href":"https:\/\/www.caicagliari.it\/escursionismo\/wp-json\/wp\/v2\/pages\/10001291\/revisions"}],"predecessor-version":[{"id":10002124,"href":"https:\/\/www.caicagliari.it\/escursionismo\/wp-json\/wp\/v2\/pages\/10001291\/revisions\/10002124"}],"up":[{"embeddable":true,"href":"https:\/\/www.caicagliari.it\/escursionismo\/wp-json\/wp\/v2\/pages\/127"}],"wp:attachment":[{"href":"https:\/\/www.caicagliari.it\/escursionismo\/wp-json\/wp\/v2\/media?parent=10001291"}],"curies":[{"name":"wp","href":"https:\/\/api.w.org\/{rel}","templated":true}]}}