{"id":1194,"date":"2016-03-14T15:26:41","date_gmt":"2016-03-14T14:26:41","guid":{"rendered":"http:\/\/test9.antoniopalumbo.it\/arrampicata\/?page_id=1194"},"modified":"2025-12-10T08:37:12","modified_gmt":"2025-12-10T07:37:12","slug":"scuola-di-arrampicata","status":"publish","type":"page","link":"https:\/\/www.caicagliari.it\/arrampicata\/scuola-di-arrampicata\/","title":{"rendered":"Scuola di Arrampicata"},"content":{"rendered":"<div id=\"content\">\n<div class=\"text_contents\">\n<p><b>La Scuola di Alpinismo e di Arrampicata libera<br \/>\n<\/b><\/p>\n<p><b>Direttore:<\/b> Daniele Turco &#8211; <span style=\"font-weight: 400\">INAL\/IA<\/span><\/p>\n<p>La storia dell\u2019Alpinismo in Sardegna, quello con la \u201cA\u201d maiuscola, inizia nei primissimi anni \u201870.<br \/>\nI finanzieri della Scuola delle Fiamme Gialle di Predazzo sbarcarono in forze sull\u2019isola riempiendo il carniere di ghiotte prime salite sulle pareti vergini della nostra terra.<\/p>\n<p>In testa a tutti <strong>Sandro Partel<\/strong>, accompagnato nelle sue missioni da validi e famosi alpinisti delle Fiamme Gialle.<br \/>\nSandro per\u00f2 and\u00f2 oltre l\u2019aspetto ludico che innegabilmente caratterizz\u00f2 il suo lavoro di quegl\u2019anni.<br \/>\nCon rara lungimiranza e passione per la divulgazione dell\u2019alpinismo, venne a Cagliari insieme ad <strong>Aldo Caurla<\/strong> e buss\u00f2 alla porta della sezione del CAI proponendosi per fondare una Scuola di Alpinismo. La sua proposta non pot\u00e8 che onorare, l\u2019allora indimenticato presidente, Angelo Berio e consiglieri tutti che gli offrirono, ovviamente, la direzione. Non gli mancavano certo i titoli n\u00e9 le referenze e si adoper\u00f2 con autentica passione alla costante organizzazione di corsi di alpinismo fino al 1985.<br \/>\nQuell\u2019anno, pass\u00f2 infatti lo \u201cscettro\u201d della direzione a <strong>Corrado Pibiri<\/strong>, fresco di nomina e primo sardo a conseguire il titolo di Istruttore Nazionale di Alpinismo, che ha guidato la Scuola fino al 2025, anno in cui la Direzione \u00e8 passata a <strong>Daniele Turco<\/strong>.<\/p>\n<p>Nel frattempo la Scuola si \u00e8 arricchita anche di diversi Istruttori Nazionali di Arrampicata Libera ed \u00e8 stata intitolata al caro amico Sandro cos\u00ec che la sua completa denominazione \u00e8: <em>Scuola di Alpinismo ed Arrampicata Libera \u201cSandro Partel\u201d<\/em>.<\/p>\n<p>Oggi la Scuola \u00e8 cos\u00ec composta:<\/p>\n<p>Daniele Turco INAL\/IA (Direttore)<\/p><\/div>\n<div class=\"text_contents\">Corrado Pibiri \u2013 INA<\/div>\n<div class=\"text_contents\">Maurizio Oviglia \u2013 IA\/INAL<\/div>\n<div class=\"text_contents\">Fabio Sanna \u2013 IAL<\/div>\n<div>Simone Saiu &#8211; IA<\/div>\n<div class=\"text_contents\">Paris Simonetti \u2013 IA<\/div>\n<div class=\"text_contents\">Vincenzo Carcangiu &#8211; SEZ.<\/div>\n<div class=\"text_contents\">Giancarlo Corna &#8211; SEZ.<\/div>\n<div class=\"text_contents\">Valentina Melis &#8211; SEZ.<\/div>\n<div class=\"text_contents\">Laura Soro &#8211; SEZ.<\/div>\n<div class=\"text_contents\">Roberto Fenu \u2013 AI<\/div>\n<div class=\"text_contents\">Graziano Prino &#8211; AI<\/div>\n<div class=\"text_contents\">Giorgio Pusceddu \u2013 AI<\/div>\n<div class=\"text_contents\">Matteo Sestu \u2013 AI<\/div>\n<div class=\"text_contents\">Mattia Tronci &#8211; AI<\/div>\n<\/div>\n","protected":false},"excerpt":{"rendered":"<p>La Scuola di Alpinismo e di Arrampicata libera Direttore: Daniele Turco &#8211; INAL\/IA La storia dell\u2019Alpinismo in Sardegna, quello con la \u201cA\u201d maiuscola, inizia nei primissimi anni \u201870. I finanzieri della Scuola delle Fiamme Gialle di Predazzo sbarcarono in forze &hellip; <a href=\"https:\/\/www.caicagliari.it\/arrampicata\/scuola-di-arrampicata\/\">Continua<\/a><\/p>\n","protected":false},"author":1,"featured_media":0,"parent":0,"menu_order":0,"comment_status":"closed","ping_status":"closed","template":"","meta":{"_acf_changed":false,"jetpack_post_was_ever_published":false,"footnotes":""},"class_list":["post-1194","page","type-page","status-publish","hentry"],"acf":[],"jetpack_sharing_enabled":true,"jetpack_shortlink":"https:\/\/wp.me\/P7kQUC-jg","jetpack-related-posts":[{"id":1198,"url":"https:\/\/www.caicagliari.it\/arrampicata\/attivita\/","url_meta":{"origin":1194,"position":0},"title":"Attivit\u00e0","author":"admin","date":"14 Marzo 2016","format":false,"excerpt":"La Scuola di alpinismo e arrampicata libera svolge numerose attivit\u00e0. alcune di queste sono riportate nella Pagina Facebook Scuola Alpinismo e Arrampicata Libera CAI Cagliari Vai alla Pagina Facebook Scuola Alpinismo e Arrampicata Libera CAI Cagliari","rel":"","context":"Articolo simile","block_context":{"text":"Articolo simile","link":""},"img":{"alt_text":"","src":"https:\/\/i0.wp.com\/www.caicagliari.it\/arrampicata\/wp-content\/uploads\/sites\/3\/2017\/11\/arr_caica.jpg?fit=1200%2C675&ssl=1&resize=350%2C200","width":350,"height":200,"srcset":"https:\/\/i0.wp.com\/www.caicagliari.it\/arrampicata\/wp-content\/uploads\/sites\/3\/2017\/11\/arr_caica.jpg?fit=1200%2C675&ssl=1&resize=350%2C200 1x, https:\/\/i0.wp.com\/www.caicagliari.it\/arrampicata\/wp-content\/uploads\/sites\/3\/2017\/11\/arr_caica.jpg?fit=1200%2C675&ssl=1&resize=525%2C300 1.5x, https:\/\/i0.wp.com\/www.caicagliari.it\/arrampicata\/wp-content\/uploads\/sites\/3\/2017\/11\/arr_caica.jpg?fit=1200%2C675&ssl=1&resize=700%2C400 2x, https:\/\/i0.wp.com\/www.caicagliari.it\/arrampicata\/wp-content\/uploads\/sites\/3\/2017\/11\/arr_caica.jpg?fit=1200%2C675&ssl=1&resize=1050%2C600 3x"},"classes":[]},{"id":91,"url":"https:\/\/www.caicagliari.it\/arrampicata\/","url_meta":{"origin":1194,"position":1},"title":"Home","author":"Marco Marrosu","date":"1 Gennaio 1970","format":false,"excerpt":"Vai alla Pagina Facebook Scuola Alpinismo e Arrampicata Libera CAI Cagliari [vc_row][vc_column][vc_column_text][\/vc_column_text][\/vc_column][\/vc_row] Vai alla Pagina Facebook Scuola Alpinismo e Arrampicata Libera CAI Cagliari","rel":"","context":"Articolo simile","block_context":{"text":"Articolo simile","link":""},"img":{"alt_text":"","src":"","width":0,"height":0},"classes":[]},{"id":1264,"url":"https:\/\/www.caicagliari.it\/arrampicata\/corsi-di-arrampicata\/corso-2015\/","url_meta":{"origin":1194,"position":2},"title":"Corsi 2015","author":"paolop","date":"20 Novembre 2017","format":false,"excerpt":"Corso base di arrampicata libera (AL1) 2015 - Programma Corso base di arrampicata libera (AL1) 2015 - Locandina","rel":"","context":"Articolo simile","block_context":{"text":"Articolo simile","link":""},"img":{"alt_text":"","src":"","width":0,"height":0},"classes":[]},{"id":1549,"url":"https:\/\/www.caicagliari.it\/arrampicata\/corsi-di-arrampicata\/corsi-2019\/","url_meta":{"origin":1194,"position":3},"title":"Corsi 2019","author":"Laura","date":"24 Aprile 2022","format":false,"excerpt":"Corso avanzato di arrampicata libera (AL2) 2019 marzo Corso avanzato di arrampicata su roccia (AR2) 2019 ottobre","rel":"","context":"Articolo simile","block_context":{"text":"Articolo simile","link":""},"img":{"alt_text":"","src":"","width":0,"height":0},"classes":[]},{"id":1340,"url":"https:\/\/www.caicagliari.it\/arrampicata\/corsi-di-arrampicata\/corso-2017\/","url_meta":{"origin":1194,"position":4},"title":"Corsi 2017","author":"paolop","date":"1 Dicembre 2017","format":false,"excerpt":"Corso base di arrampicata libera (AL1) 2017 febbraio \u2013 Programma Corso base di arrampicata su roccia (AR1) 2017\u00a0 ottobre \u2013 Programma\u00a0e Locandina","rel":"","context":"Articolo simile","block_context":{"text":"Articolo simile","link":""},"img":{"alt_text":"","src":"","width":0,"height":0},"classes":[]},{"id":1278,"url":"https:\/\/www.caicagliari.it\/arrampicata\/corsi-di-arrampicata\/","url_meta":{"origin":1194,"position":5},"title":"Corsi di Arrampicata","author":"paolop","date":"20 Novembre 2017","format":false,"excerpt":"","rel":"","context":"Articolo simile","block_context":{"text":"Articolo simile","link":""},"img":{"alt_text":"","src":"","width":0,"height":0},"classes":[]}],"_links":{"self":[{"href":"https:\/\/www.caicagliari.it\/arrampicata\/wp-json\/wp\/v2\/pages\/1194","targetHints":{"allow":["GET"]}}],"collection":[{"href":"https:\/\/www.caicagliari.it\/arrampicata\/wp-json\/wp\/v2\/pages"}],"about":[{"href":"https:\/\/www.caicagliari.it\/arrampicata\/wp-json\/wp\/v2\/types\/page"}],"author":[{"embeddable":true,"href":"https:\/\/www.caicagliari.it\/arrampicata\/wp-json\/wp\/v2\/users\/1"}],"replies":[{"embeddable":true,"href":"https:\/\/www.caicagliari.it\/arrampicata\/wp-json\/wp\/v2\/comments?post=1194"}],"version-history":[{"count":9,"href":"https:\/\/www.caicagliari.it\/arrampicata\/wp-json\/wp\/v2\/pages\/1194\/revisions"}],"predecessor-version":[{"id":1629,"href":"https:\/\/www.caicagliari.it\/arrampicata\/wp-json\/wp\/v2\/pages\/1194\/revisions\/1629"}],"wp:attachment":[{"href":"https:\/\/www.caicagliari.it\/arrampicata\/wp-json\/wp\/v2\/media?parent=1194"}],"curies":[{"name":"wp","href":"https:\/\/api.w.org\/{rel}","templated":true}]}}